{"id":1290,"date":"2023-05-04T19:45:50","date_gmt":"2023-05-04T19:45:50","guid":{"rendered":"http:\/\/www.regenerativehotel.com.mialias.net\/?page_id=1290"},"modified":"2026-01-23T09:16:51","modified_gmt":"2026-01-23T09:16:51","slug":"privacy-cookies-policy","status":"publish","type":"page","link":"https:\/\/www.regenerativehotel.com\/es\/privacy-cookies-policy\/","title":{"rendered":"Pol\u00edtica de privacidad &amp; cookies"},"content":{"rendered":"<div data-elementor-type=\"wp-page\" data-elementor-id=\"1290\" class=\"elementor elementor-1290\" data-elementor-post-type=\"page\">\n\t\t\t\t<div class=\"elementor-element elementor-element-e6ef5d1 e-flex e-con-boxed e-con e-parent\" data-id=\"e6ef5d1\" data-element_type=\"container\" data-e-type=\"container\" data-settings=\"{&quot;background_background&quot;:&quot;classic&quot;}\">\n\t\t\t\t\t<div class=\"e-con-inner\">\n\t\t\t\t<div class=\"elementor-element elementor-element-dc8b8df elementor-widget elementor-widget-heading\" data-id=\"dc8b8df\" data-element_type=\"widget\" data-e-type=\"widget\" data-widget_type=\"heading.default\">\n\t\t\t\t<div class=\"elementor-widget-container\">\n\t\t\t\t\t<h1 class=\"elementor-heading-title elementor-size-default\">Pol\u00edtica de privacidad &amp; cookies<\/h1>\t\t\t\t<\/div>\n\t\t\t\t<\/div>\n\t\t\t\t<div class=\"elementor-element elementor-element-41a42d8 elementor-widget elementor-widget-text-editor\" data-id=\"41a42d8\" data-element_type=\"widget\" data-e-type=\"widget\" data-widget_type=\"text-editor.default\">\n\t\t\t\t<div class=\"elementor-widget-container\">\n\t\t\t\t\t\t\t\t\t<div class=\"elementor-element elementor-element-6f85329 elementor-widget elementor-widget-text-editor\" data-id=\"6f85329\" data-element_type=\"widget\" data-widget_type=\"text-editor.default\"><div class=\"elementor-widget-container\"><p>En compliment de l\u2019establert en la Llei Org\u00e0nica 15\/1999, de 13 de Desembre, de Protecci\u00f3 de Dades de Car\u00e0cter Personal, tl\u2019informem que totes les dades personals que ens facilitis quedaran incorporades i seran tractades als fitxers titularitat de\u00a0<b>Mireia Font i Vidal<\/b>,\u00a0amb la finalitat de gestionar, administrar i mantenir els Serveis prestats i\/o contratacts, aix\u00ed com per a mantenir-te informat\/da, fins i tot per mitjans electr\u00f2nics, sobre q\u00fcestions relatives a l\u2019activitat de la Companyia i els seus serveis.<\/p><p>Pots exercir, en qualsevol moment, els drets d\u2019acc\u00e9s, rectificaci\u00f3, cancelaci\u00f3 i oposici\u00f3 de les teves dades de car\u00e0cter personal mitjan\u00e7ant correu electr\u00f2nic dirigit a\u00a0<b>info@casaleonardo.net<\/b>\u00a0o b\u00e9 mitjan\u00e7ant un escrit dirigit a\u00a0<b>C\/La bedoga n\u00ba2-25514 Senterada<\/b>, acompanyant sempre una fotoc\u00f2pia del teu D.N.I.<\/p><\/div><\/div>\t\t\t\t\t\t\t\t<\/div>\n\t\t\t\t<\/div>\n\t\t\t\t<div class=\"elementor-element elementor-element-c476cd2 elementor-widget elementor-widget-heading\" data-id=\"c476cd2\" data-element_type=\"widget\" data-e-type=\"widget\" data-widget_type=\"heading.default\">\n\t\t\t\t<div class=\"elementor-widget-container\">\n\t\t\t\t\t<h3 class=\"elementor-heading-title elementor-size-default\">Cookies\u200b<\/h3>\t\t\t\t<\/div>\n\t\t\t\t<\/div>\n\t\t\t\t<div class=\"elementor-element elementor-element-371b876 elementor-widget elementor-widget-text-editor\" data-id=\"371b876\" data-element_type=\"widget\" data-e-type=\"widget\" data-widget_type=\"text-editor.default\">\n\t\t\t\t<div class=\"elementor-widget-container\">\n\t\t\t\t\t\t\t\t\t<div class=\"elementor-element elementor-element-6f85329 elementor-widget elementor-widget-text-editor\" data-id=\"6f85329\" data-element_type=\"widget\" data-widget_type=\"text-editor.default\">\n<div class=\"elementor-widget-container\">\n<p>Podem recopilar informaci\u00f3 sobre el teu ordenador, incl\u00f2s, en el seu cas, la seva adre\u00e7a d\u2019IP, sistema operatiu i tipus de navegador, per a l\u2019administraci\u00f3 del sistema. Es tracta de dades estad\u00edstiques sobre com navegues pel nostre lloc Web.<\/p>\n<p><\/p>\n<p>Per la mateixa ra\u00f3, podem obtenir informaci\u00f3 sobre el teu \u00fas general d\u2019Internet mitjan\u00e7ant un arxiu de cookies que s\u2019emmagatzemen al disc dur del teu ordinador. Les cookies contenen informaci\u00f3 que es transfereix al disc dur del teu ordinador.<\/p>\n<p><\/p>\n<p>Les cookies ens ajuden a millorar el nostre lloc Web i a donar un servei millor i m\u00e9s personalitzat. En concret, ens permeten:<\/p>\n<ul>\n<li aria-level=\"1\">Fer una estimaci\u00f3 sobre n\u00fameros i patrons d\u2019\u00fas.<\/li>\n<li aria-level=\"1\">Emmagatzemar informaci\u00f3 sobre les teves prefer\u00e8ncies i personalitzar el nostre lloc web de conformitat amb els tus interessos individuals.<\/li>\n<li aria-level=\"1\">Accelerar les teves recerques.<\/li>\n<li aria-level=\"1\">Recon\u00e8ixer-te quan retornis novament al nostre lloc.\n<p><\/p>\n<\/li>\n<\/ul>\n<p>Pots negar-te a acceptar cookies activant la configuraci\u00f3 al teu navegador que permet rebutjar les cookies. No obstant, si selecciones aquesta configuraci\u00f3, potser que no puguis accedir a determinades parts del Lloc Web o que no puguis aprofitar-te d\u2019algun dels nostres serveis. A excepci\u00f3 que hagis ajustat la configuraci\u00f3 del teu navegador de forma que rebutgi les cookies, el nostre sistema produ\u00efr\u00e0 cookies quan et connectis al nostre lloc.<\/p><\/div><\/div><div class=\"elementor-element elementor-element-7b4b7c6 e-con-full e-con\" data-id=\"7b4b7c6\" data-element_type=\"container\" data-settings=\"{&quot;content_width&quot;:&quot;full&quot;}\"><div class=\"elementor-element elementor-element-ca9ee34 elementor-widget elementor-widget-text-editor\" data-id=\"ca9ee34\" data-element_type=\"widget\" data-widget_type=\"text-editor.default\"><div class=\"elementor-widget-container\">\n<\/div>\n<\/div>\n<\/div>\t\t\t\t\t\t\t\t<\/div>\n\t\t\t\t<\/div>\n\t\t\t\t<div class=\"elementor-element elementor-element-d40a1f6 elementor-widget elementor-widget-heading\" data-id=\"d40a1f6\" data-element_type=\"widget\" data-e-type=\"widget\" data-widget_type=\"heading.default\">\n\t\t\t\t<div class=\"elementor-widget-container\">\n\t\t\t\t\t<h3 class=\"elementor-heading-title elementor-size-default\">Av\u00eds legal<\/h3>\t\t\t\t<\/div>\n\t\t\t\t<\/div>\n\t\t\t\t<div class=\"elementor-element elementor-element-73bcff0 elementor-widget elementor-widget-text-editor\" data-id=\"73bcff0\" data-element_type=\"widget\" data-e-type=\"widget\" data-widget_type=\"text-editor.default\">\n\t\t\t\t<div class=\"elementor-widget-container\">\n\t\t\t\t\t\t\t\t\t<p>En compliment amb la Llei de Serveis de la Societat de la Informaci\u00f3 i de Comer\u00e7 Electr\u00f2nic (LSSI),\u00a0<b>Mireia Font i Vidal<\/b>\u00a0facilita a continuaci\u00f3 les seves dades registrals i de contacte:<\/p><p>Propietari \/ Titular de la p\u00e0gina web:<\/p><p><b>Mireia Font i Vidal DNI 78078074C<\/b><\/p><h2>\u00a0<\/h2><p>Domicili Social:<\/p><p><b>C\/La Bedoga n\u00ba2<\/b><\/p><p>Web:<\/p><p><strong>www.casaleonardo.net<\/strong> <b>www.regenerativehotel.com<\/b><b><br \/><\/b>Email:\u00a0<b>info@casaleonardo.net<\/b><\/p><h2>\u00a0<\/h2><p><b>Legislaci\u00f3<\/b><\/p><p>Amb car\u00e0cter general, les relacions entre\u00a0<b>Mireia Font i Vidal <\/b>amb els usuaris dels seus serveis telem\u00e0tics, presents en aquest lloc Web, es troben sotmeses a la legislaci\u00f3 i jurisdicci\u00f3 espanyoles.<\/p><h2>\u00a0<\/h2><p><b>\u00das i acc\u00e9s dels usuaris<\/b><\/p><p>L\u2019usuari queda informat, i accepta, que l\u2019acc\u00e9s als continguts de la citada Web no suposen, en cap cas, l\u2019inici d\u2019una relaci\u00f3 comercial amb\u00a0<b>Mireia Font i Vidal<\/b>, i en cap cas constitueix assesorament legal o professional.<\/p><h2>\u00a0<\/h2><p><b>Propietat intelectual i industrial<\/b><\/p><p>Els drets de propietat intelectual del contingut de les p\u00e0gines Web, el seu disseny gr\u00e0fic i codis s\u00f3n titularitat de\u00a0<b>Mireia Font i Vidal<\/b>\u00a0i, per tant, queda prohibida la seva reproducci\u00f3, distribuci\u00f3, comunicaci\u00f3 p\u00fablica, transformaci\u00f3 o qualsevol altre activitat que es pugui realitzar amb els continguts de les seves p\u00e0gines Web ni tant sols citant les fonts, excepte consentiment per escrit de\u00a0<b>Mireia Font i Vidal<\/b>.<\/p><h2>\u00a0<\/h2><p><b>Contingut de la web i enlla\u00e7os link<\/b><\/p><p><b>Mireia Font i Vidal<\/b>\u00a0es reserva el dret a actualitzar, modificar o eliminar la informaci\u00f3 continguda en les seves p\u00e0gines Web, podent fins i tot limitar o no permetre l\u2019acc\u00e9s a la citada informaci\u00f3 a certs usuaris.<\/p><p><b>Mireia Font i Vidal<\/b>\u00a0no assumeix cap responsabilitat per la informaci\u00f3 continguda en p\u00e0gines Web de tercers a les que es pugui accedir per \u201clinks\u201d o enlla\u00e7os desde qualsevol p\u00e0gina Web propietat de\u00a0<b>Mireia Font i Vidal<\/b>\u00a0, La pres\u00e8ncia de \u201clinks\u201d o enlla\u00e7os en les p\u00e0gines Web de\u00a0<b>Mireia Font i Vidal<\/b>\u00a0tenen finalitat merament informativa i en cap cas suposa sugger\u00e8ncia, invitaci\u00f3 o recomanaci\u00f3 sobre els mateixos.<\/p>\t\t\t\t\t\t\t\t<\/div>\n\t\t\t\t<\/div>\n\t\t\t\t\t<\/div>\n\t\t\t\t<\/div>\n\t\t\t\t<\/div>","protected":false},"excerpt":{"rendered":"<p>En compliment de l\u2019establert en la Llei Org\u00e0nica 15\/1999, de 13 de Desembre, de Protecci\u00f3 de Dades de Car\u00e0cter Personal, tl\u2019informem que totes les dades personals que ens facilitis quedaran incorporades i seran tractades als fitxers titularitat de\u00a0Mireia Font i Vidal,\u00a0amb la finalitat de gestionar, administrar i mantenir els Serveis prestats i\/o contratacts, aix\u00ed com [&hellip;]<\/p>\n","protected":false},"author":1,"featured_media":0,"parent":0,"menu_order":50,"comment_status":"closed","ping_status":"closed","template":"","meta":{"footnotes":""},"class_list":["post-1290","page","type-page","status-publish","hentry"],"_links":{"self":[{"href":"https:\/\/www.regenerativehotel.com\/es\/wp-json\/wp\/v2\/pages\/1290","targetHints":{"allow":["GET"]}}],"collection":[{"href":"https:\/\/www.regenerativehotel.com\/es\/wp-json\/wp\/v2\/pages"}],"about":[{"href":"https:\/\/www.regenerativehotel.com\/es\/wp-json\/wp\/v2\/types\/page"}],"author":[{"embeddable":true,"href":"https:\/\/www.regenerativehotel.com\/es\/wp-json\/wp\/v2\/users\/1"}],"replies":[{"embeddable":true,"href":"https:\/\/www.regenerativehotel.com\/es\/wp-json\/wp\/v2\/comments?post=1290"}],"version-history":[{"count":32,"href":"https:\/\/www.regenerativehotel.com\/es\/wp-json\/wp\/v2\/pages\/1290\/revisions"}],"predecessor-version":[{"id":2854,"href":"https:\/\/www.regenerativehotel.com\/es\/wp-json\/wp\/v2\/pages\/1290\/revisions\/2854"}],"wp:attachment":[{"href":"https:\/\/www.regenerativehotel.com\/es\/wp-json\/wp\/v2\/media?parent=1290"}],"curies":[{"name":"wp","href":"https:\/\/api.w.org\/{rel}","templated":true}]}}